{"id":11,"date":"2024-07-06T08:40:24","date_gmt":"2024-07-06T08:40:24","guid":{"rendered":"https:\/\/cofradiamazarron.es\/?page_id=11"},"modified":"2024-07-08T14:56:40","modified_gmt":"2024-07-08T14:56:40","slug":"inicio","status":"publish","type":"page","link":"https:\/\/cofradiamazarron.es\/","title":{"rendered":"Inicio"},"content":{"rendered":"\n<p class=\"has-text-align-center\">La Cofrad\u00eda de Pescadores de Mazarr\u00f3n \u201centonces POSITO PESCADORES DE MAZARRON\u201d, fue constituida seg\u00fan consta en libro de actas el 30 de Noviembre de\u00a0\u00a01919.<\/p>\n\n\n\n<p class=\"has-text-align-center\"><strong>Es una Corporaci\u00f3n de Derecho P\u00fablico, de base representativa y sin \u00e1nimo de lucro, que tiene la representaci\u00f3n exclusiva de los intereses econ\u00f3micos y profesionales del sector extractivo-pesquero en el \u00e1mbito de su jurisdicci\u00f3n territorial y que alcanza la costa comprendida entre Faro de Cabo Ti\u00f1oso a Puntas de Calnegre.<\/strong><\/p>\n","protected":false},"excerpt":{"rendered":"<p>La Cofrad\u00eda de Pescadores de Mazarr\u00f3n \u201centonces POSITO PESCADORES DE MAZARRON\u201d, fue constituida seg\u00fan consta en libro de actas el 30 de Noviembre de\u00a0\u00a01919. Es una Corporaci\u00f3n de Derecho P\u00fablico, de base representativa y sin \u00e1nimo de lucro, que tiene la representaci\u00f3n exclusiva de los intereses econ\u00f3micos y profesionales del sector extractivo-pesquero en el \u00e1mbito &hellip; <\/p>\n<p class=\"link-more\"><a href=\"https:\/\/cofradiamazarron.es\/\" class=\"more-link\">Continuar leyendo<span class=\"screen-reader-text\"> \u00abInicio\u00bb<\/span><\/a><\/p>\n","protected":false},"author":1,"featured_media":86,"parent":0,"menu_order":0,"comment_status":"closed","ping_status":"closed","template":"","meta":{"footnotes":""},"_links":{"self":[{"href":"https:\/\/cofradiamazarron.es\/index.php?rest_route=\/wp\/v2\/pages\/11"}],"collection":[{"href":"https:\/\/cofradiamazarron.es\/index.php?rest_route=\/wp\/v2\/pages"}],"about":[{"href":"https:\/\/cofradiamazarron.es\/index.php?rest_route=\/wp\/v2\/types\/page"}],"author":[{"embeddable":true,"href":"https:\/\/cofradiamazarron.es\/index.php?rest_route=\/wp\/v2\/users\/1"}],"replies":[{"embeddable":true,"href":"https:\/\/cofradiamazarron.es\/index.php?rest_route=%2Fwp%2Fv2%2Fcomments&post=11"}],"version-history":[{"count":3,"href":"https:\/\/cofradiamazarron.es\/index.php?rest_route=\/wp\/v2\/pages\/11\/revisions"}],"predecessor-version":[{"id":76,"href":"https:\/\/cofradiamazarron.es\/index.php?rest_route=\/wp\/v2\/pages\/11\/revisions\/76"}],"wp:featuredmedia":[{"embeddable":true,"href":"https:\/\/cofradiamazarron.es\/index.php?rest_route=\/wp\/v2\/media\/86"}],"wp:attachment":[{"href":"https:\/\/cofradiamazarron.es\/index.php?rest_route=%2Fwp%2Fv2%2Fmedia&parent=11"}],"curies":[{"name":"wp","href":"https:\/\/api.w.org\/{rel}","templated":true}]}}