{"id":193,"date":"2024-07-30T18:22:43","date_gmt":"2024-07-30T18:22:43","guid":{"rendered":"https:\/\/cofradiamazarron.es\/?page_id=193"},"modified":"2024-08-04T08:25:28","modified_gmt":"2024-08-04T08:25:28","slug":"colabora-con-nosotros","status":"publish","type":"page","link":"https:\/\/cofradiamazarron.es\/?page_id=193","title":{"rendered":"Colabora Con Nosotros"},"content":{"rendered":"\n<p>Si deseas unirte a nuestro equipo y contribuir a nuestras actividades, te invitamos a completar el formulario disponible en nuestra p\u00e1gina. Al hacerlo, podr\u00e1s ser considerado en los procesos de selecci\u00f3n que llevamos a cabo regularmente. Nos encantar\u00eda contar con personas comprometidas y apasionadas por nuestra misi\u00f3n. Adem\u00e1s, puedes enviar tu curr\u00edculum a <a>cv@cofradiamazarron.es<\/a>.<\/p>\n","protected":false},"excerpt":{"rendered":"<p>Si deseas unirte a nuestro equipo y contribuir a nuestras actividades, te invitamos a completar el formulario disponible en nuestra p\u00e1gina. Al hacerlo, podr\u00e1s ser considerado en los procesos de selecci\u00f3n que llevamos a cabo regularmente. Nos encantar\u00eda contar con personas comprometidas y apasionadas por nuestra misi\u00f3n. Adem\u00e1s, puedes enviar tu curr\u00edculum a cv@cofradiamazarron.es.<\/p>\n","protected":false},"author":1,"featured_media":93,"parent":0,"menu_order":0,"comment_status":"closed","ping_status":"closed","template":"","meta":{"footnotes":""},"_links":{"self":[{"href":"https:\/\/cofradiamazarron.es\/index.php?rest_route=\/wp\/v2\/pages\/193"}],"collection":[{"href":"https:\/\/cofradiamazarron.es\/index.php?rest_route=\/wp\/v2\/pages"}],"about":[{"href":"https:\/\/cofradiamazarron.es\/index.php?rest_route=\/wp\/v2\/types\/page"}],"author":[{"embeddable":true,"href":"https:\/\/cofradiamazarron.es\/index.php?rest_route=\/wp\/v2\/users\/1"}],"replies":[{"embeddable":true,"href":"https:\/\/cofradiamazarron.es\/index.php?rest_route=%2Fwp%2Fv2%2Fcomments&post=193"}],"version-history":[{"count":2,"href":"https:\/\/cofradiamazarron.es\/index.php?rest_route=\/wp\/v2\/pages\/193\/revisions"}],"predecessor-version":[{"id":221,"href":"https:\/\/cofradiamazarron.es\/index.php?rest_route=\/wp\/v2\/pages\/193\/revisions\/221"}],"wp:featuredmedia":[{"embeddable":true,"href":"https:\/\/cofradiamazarron.es\/index.php?rest_route=\/wp\/v2\/media\/93"}],"wp:attachment":[{"href":"https:\/\/cofradiamazarron.es\/index.php?rest_route=%2Fwp%2Fv2%2Fmedia&parent=193"}],"curies":[{"name":"wp","href":"https:\/\/api.w.org\/{rel}","templated":true}]}}