{"id":2,"date":"2024-06-17T18:57:08","date_gmt":"2024-06-17T18:57:08","guid":{"rendered":"https:\/\/cofradiamazarron.es\/?page_id=2"},"modified":"2024-07-30T18:30:30","modified_gmt":"2024-07-30T18:30:30","slug":"sample-page","status":"publish","type":"page","link":"https:\/\/cofradiamazarron.es\/?page_id=2","title":{"rendered":"La Cofrad\u00eda"},"content":{"rendered":"\n<h2 class=\"wp-block-heading\" id=\"historia\"><strong>Antecedentes Hist\u00f3ricos<\/strong><\/h2>\n\n\n\n<p>Los antecedentes de las Cofrad\u00edas de Pescadores hay que buscarlos nueve siglos atr\u00e1s enlaz\u00e1ndolos con la realidad social de aquella \u00e9poca, en que dado las grandes dificultades ofrecidas por la mar y la utilizaci\u00f3n de unos tipos de embarcaciones excesivamente fr\u00e1giles, de reducida autonom\u00eda y con evidentes peligros para las propias vidas humanas de sus tripulantes, llevaron al \u00e1nimo a los pescadores a constituir sociedades de Socorros Mutuos e instituciones con el fin de aunar esfuerzos y prevenir riesgos, utilizando la denominaci\u00f3n inicial de \u201cCofrad\u00edas\u201d, por estar inspiradas por Congregaciones Religiosas.<\/p>\n\n\n\n<p>Hay que destacar la gran capacidad de permanencia que a trav\u00e9s de los siglos han tenido las Cofrad\u00edas de Pescadores y la incidencia fundamental en la vida laboral del pa\u00eds manteni\u00e9ndose las tradiciones de generaci\u00f3n en generaci\u00f3n.<\/p>\n\n\n\n<p>Por Real-Orden de 5 de enero de 1918, se reorganizaron las viejas instituciones de pescadores, mediante ayuda estatal, a las cuales se les denomin\u00f3 POSITOS DE PESCADORES, de car\u00e1cter laico y organizaci\u00f3n cooperativa, por ello puede decirse que en las Cofrad\u00edas late el alma cooperativa. Para cumplir la misi\u00f3n de tutela financiera precisa, se cre\u00f3 la CAJA DE CREDITO MARITIMO Y PESQUERO, por Ley de 10 de Octubre de 1919, que sirvi\u00f3 de base para la constituci\u00f3n del actual INSTITUTO SOCIAL DE LA MARINA.<\/p>\n\n\n\n<p>Con esta denominaci\u00f3n de POSITOS DE PESCADORES y una activa gesti\u00f3n en defensa de los intereses de los pescadores, se mantienen estas instituciones hasta que se produce su integraci\u00f3n en la Organizaci\u00f3n Sindical por Orden del Ministerio de Trabajo de 21 de marzo de 1943, restableci\u00e9ndose en ese momento la denominaci\u00f3n gen\u00e9rica de COFRADIAS DE PESCADORES, otorg\u00e1ndoseles el car\u00e1cter de Corporaciones de Derecho P\u00fablico y manteniendo su autonom\u00eda y organizaci\u00f3n interna.&nbsp;<\/p>\n\n\n\n<div class=\"wp-block-media-text is-stacked-on-mobile\"><figure class=\"wp-block-media-text__media\"><img loading=\"lazy\" decoding=\"async\" width=\"1024\" height=\"768\" src=\"https:\/\/cofradiamazarron.es\/wp-content\/uploads\/2024\/07\/DJI_0137-1-1024x768.jpg\" alt=\"\" class=\"wp-image-124 size-full\" srcset=\"https:\/\/cofradiamazarron.es\/wp-content\/uploads\/2024\/07\/DJI_0137-1-1024x768.jpg 1024w, https:\/\/cofradiamazarron.es\/wp-content\/uploads\/2024\/07\/DJI_0137-1-300x225.jpg 300w, https:\/\/cofradiamazarron.es\/wp-content\/uploads\/2024\/07\/DJI_0137-1-768x576.jpg 768w, https:\/\/cofradiamazarron.es\/wp-content\/uploads\/2024\/07\/DJI_0137-1-1536x1152.jpg 1536w, https:\/\/cofradiamazarron.es\/wp-content\/uploads\/2024\/07\/DJI_0137-1.jpg 2048w\" sizes=\"(max-width: 706px) 89vw, (max-width: 767px) 82vw, 740px\" \/><\/figure><div class=\"wp-block-media-text__content\">\n<p>Esta tradici\u00f3n hist\u00f3rica de las Cofrad\u00edas de Pescadores, ha creado una reciedumbre y solera en sus gentes dif\u00edcil de igualar, debido al esp\u00edritu de autonom\u00eda e independencia en que han desarrollado todo su quehacer pesquero, constituyendo una clara demostraci\u00f3n de eficacia a trav\u00e9s del dilatado periodo de existencia.<\/p>\n<\/div><\/div>\n\n\n\n<h2 class=\"wp-block-heading\"><strong>Constituci\u00f3n de la Cofrad\u00eda De Pescadores De Mazarr\u00f3n<\/strong><\/h2>\n\n\n\n<h2 class=\"wp-block-heading\">La Cofrad\u00eda de Pescadores de Mazarr\u00f3n \u201centonces POSITO PESCADORES DE MAZARRON\u201d, fue constituida seg\u00fan consta en libro de actas el 30 de Noviembre de&nbsp;&nbsp;1919.<\/h2>\n\n\n\n<h3 class=\"wp-block-heading\"><strong>Definici\u00f3n<\/strong><\/h3>\n\n\n\n<p><strong>Es una Corporaci\u00f3n de Derecho P\u00fablico, de base representativa y sin \u00e1nimo de lucro, que tiene la representaci\u00f3n exclusiva de los intereses econ\u00f3micos y profesionales del sector extractivo-pesquero en el \u00e1mbito de su jurisdicci\u00f3n territorial y que alcanza la costa comprendida entre Faro de Cabo Ti\u00f1oso a Puntas de Calnegre.<\/strong><\/p>\n\n\n\n<p>Las Cofrad\u00edas de Pescadores gozan de personalidad jur\u00eddica y plena capacidad de obrar para el cumplimiento de sus fines.<\/p>\n\n\n\n<p>Actualmente vienen reguladas por:<\/p>\n\n\n\n<p>Ley 3\/2001, de 26 de marzo, de pesca Mar\u00edtima del Estado<\/p>\n\n\n\n<p>Ley 2\/2007, de 12 de marzo, de Pesca Mar\u00edtima y Acuicultura de la Regi\u00f3n de Murcia.<\/p>\n\n\n\n<p><strong>Se encuentra integrada en la Federaci\u00f3n Murciana de Cofrad\u00edas de Pescadores y Federaci\u00f3n Nacional de Cofrad\u00edas de Pescadores.&nbsp;<\/strong><\/p>\n\n\n\n<div class=\"wp-block-group\"><div class=\"wp-block-group__inner-container is-layout-constrained wp-block-group-is-layout-constrained\">\n<figure class=\"wp-block-image size-large\"><img loading=\"lazy\" decoding=\"async\" width=\"1024\" height=\"683\" src=\"https:\/\/cofradiamazarron.es\/wp-content\/uploads\/2024\/07\/FPC0814-1024x683.jpg\" alt=\"\" class=\"wp-image-106\" srcset=\"https:\/\/cofradiamazarron.es\/wp-content\/uploads\/2024\/07\/FPC0814-1024x683.jpg 1024w, https:\/\/cofradiamazarron.es\/wp-content\/uploads\/2024\/07\/FPC0814-300x200.jpg 300w, https:\/\/cofradiamazarron.es\/wp-content\/uploads\/2024\/07\/FPC0814-768x512.jpg 768w, https:\/\/cofradiamazarron.es\/wp-content\/uploads\/2024\/07\/FPC0814-1536x1024.jpg 1536w, https:\/\/cofradiamazarron.es\/wp-content\/uploads\/2024\/07\/FPC0814.jpg 2048w\" sizes=\"(max-width: 706px) 89vw, (max-width: 767px) 82vw, 740px\" \/><\/figure>\n<\/div><\/div>\n\n\n\n<h3 class=\"wp-block-heading\"><strong>Funci\u00f3n<\/strong><\/h3>\n\n\n\n<ol>\n<li>Act\u00faan como \u00f3rganos de consulta y colaboraci\u00f3n con las administraciones competentes en materia de pesca mar\u00edtima y de ordenaci\u00f3n del sector pesquero y comercializaci\u00f3n de los productos de la pesca, especialmente en los sectores artesanal y de bajura.<\/li>\n\n\n\n<li>Fomentar entre sus miembros un ejercicio responsable de la actividad pesquera en orden de garantizar la sostenibilidad de los recursos pesqueros y la protecci\u00f3n del medio ambiente, promocionando medidas enfocadas a mejorar la eficiencia energ\u00e9tica y selectividad de los artes y capturas.<\/li>\n\n\n\n<li>Participar en la ordenaci\u00f3n y organizaci\u00f3n del proceso de comercializaci\u00f3n de los productos de la pesca.<\/li>\n\n\n\n<li>Promover actividades de formaci\u00f3n de los profesionales en los sectores y actividades representados.<\/li>\n\n\n\n<li>Prestar servicios a sus miembros y representar y defender sus intereses.<\/li>\n\n\n\n<li>Administrar los recursos propios de su patrimonio&nbsp;<\/li>\n\n\n\n<li>En general, cuantas medidas conduzcan a incrementar la rentabilidad del esfuerzo pesquero y una mayor bienestar econ\u00f3mico y social de los asociados.<\/li>\n<\/ol>\n\n\n\n<h2 class=\"wp-block-heading\" id=\"estatutos\"><a href=\"https:\/\/cofradiamazarron.es\/wp-content\/uploads\/2024\/07\/estatutos.pdf\" target=\"_blank\" rel=\"noreferrer noopener\"><strong>Estatutos y Reglamentos&nbsp;<\/strong><\/a><\/h2>\n\n\n\n<p><strong>HAN SIDO PATRONES MAYORES:<\/strong><\/p>\n\n\n\n<p>FELIZ GARCIA MU\u00d1OZ<\/p>\n\n\n\n<p>JOSE ANTONIO RUIZ LOPEZ<\/p>\n\n\n\n<p>MELCHOR CAPARROS JEREZ<\/p>\n\n\n\n<p>LORENZO GARCIA GAITAN<\/p>\n\n\n\n<p>SANTIAGO PICON RODRIGUEZ&nbsp;<\/p>\n\n\n\n<p>12.09.1987 JOSE ANTONIO PAREDES GARCIA<\/p>\n\n\n\n<p>14.09.1991&nbsp;&nbsp;MANUEL BALLESTA PAREDES<\/p>\n\n\n\n<p>14.10.1995&nbsp;&nbsp;JUAN BALLESTA LOPEZ<\/p>\n\n\n\n<p>14.11.2015&nbsp;&nbsp;MANUEL SANCHEZ SANCHEZ<\/p>\n\n\n\n<h2 class=\"wp-block-heading\" id=\"organigrama\"><strong>Organigrama de la entidad<\/strong><\/h2>\n\n\n\n<p>Los Organos de Gobierno en las Cofrad\u00edas de Pescadores son, en primer lugar, la Junta General o Asamblea, formada por un n\u00famero igual de trabajadores y armadores elegidos por y entre los componentes de sus respectivas agrupaciones, respetando la proporcionalidad entre los distintos sectores representativos de la producci\u00f3n o modalidad de pesca.<\/p>\n\n\n\n<p>En segundo lugar, el Cabildo o Comisi\u00f3n Permanente constituido por un n\u00famero de cofrades elegidos por los miembros de la Junta General, de entre ellos, guardando la paridad entre trabajadores y armadores.<\/p>\n\n\n\n<p>Y el Patr\u00f3n Mayor, elegido por la Junta General y de entre sus miembros, es el&nbsp;&nbsp;\u00f3rgano de direcci\u00f3n de la Cofrad\u00eda<\/p>\n\n\n\n<p>En base a la Orden de 21 de Octubre de 2023 de la Consejer\u00eda de Agua, Agricultura, Ganader\u00eda y Pesca, por la que se convocan elecciones en las Cofrad\u00edas de Pescadores de la Regi\u00f3n de Murlcia y en la Federaci\u00f3n Regional de Cofrad\u00edas de Pescadores, salieron elegidos los siguientes cargos en la Cofrad\u00eda de Pescadores de Mazarr\u00f3n:<\/p>\n\n\n\n<div class=\"wp-block-columns is-layout-flex wp-container-core-columns-is-layout-2 wp-block-columns-is-layout-flex\">\n<div class=\"wp-block-column is-layout-flow wp-block-column-is-layout-flow\" style=\"flex-basis:100%\">\n<div class=\"wp-block-columns is-layout-flex wp-container-core-columns-is-layout-1 wp-block-columns-is-layout-flex\">\n<div class=\"wp-block-column is-layout-flow wp-block-column-is-layout-flow\">\n<p><strong>PATRON MAYOR:<\/strong><\/p>\n\n\n\n<p>MANUEL SANCHEZ SANCHEZ&nbsp;&nbsp;<\/p>\n\n\n\n<p>(VOCAL ECONOMICO)<\/p>\n\n\n\n<p>TLF. 663856522<\/p>\n<\/div>\n\n\n\n<div class=\"wp-block-column is-layout-flow wp-block-column-is-layout-flow\">\n<p><strong>VICE PATRON MAYOR 1\u00ba:<\/strong><\/p>\n\n\n\n<p>TOMAS MORENZA VIVANCOS<\/p>\n\n\n\n<p>(VOCAL SOCIAL)<\/p>\n\n\n\n<p>TLF:&nbsp;&nbsp;968595528<\/p>\n<\/div>\n\n\n\n<div class=\"wp-block-column is-layout-flow wp-block-column-is-layout-flow\">\n<p><strong>VICE PATRON MAYOR 2\u00ba:<\/strong><\/p>\n\n\n\n<p>MANUEL BALLESTA PAREDES<\/p>\n\n\n\n<p>(VOCAL ECONOMICO)<\/p>\n\n\n\n<p>TLF: 968595528<\/p>\n<\/div>\n<\/div>\n<\/div>\n<\/div>\n\n\n\n<p><strong>VOCALES ECONOMICOS:<\/strong><\/p>\n\n\n\n<p>PEDRO ACOSTA ACOSTA (AGRUPACION CERCO)<\/p>\n\n\n\n<p>MARIANO SANCHEZ PAREDES (AGRUPACION CERCO)<\/p>\n\n\n\n<p>JUAN MANUEL BALLESTA ACOSTA (AGRUPACION ARRASTRE)<\/p>\n\n\n\n<p>JUAN PEDRO MARTINEZ MENDEZ (AGRUPACION ARTES MENORES)<\/p>\n\n\n\n<p><strong>VOCALES SOCIALES:<\/strong><\/p>\n\n\n\n<p>JUAN ZAMORA PAREDES (AGRUPACION CERCO)<\/p>\n\n\n\n<p>PEDRO ZAMORA PAREDES (AGRUPACION CERCO)<\/p>\n\n\n\n<p>JESUS ANGEL ACOSTA SANCHEZ (AGRUPACION ARRASTRE)<\/p>\n\n\n\n<p>JUAN FRANCISCO ACOSTA ACOSTA (AGRUPACION ARTES MENORES)<\/p>\n\n\n\n<p><strong>SECRETARIA:<\/strong><\/p>\n\n\n\n<p>ISABEL MARIA LOPEZ SANCHEZ (SECRETARIA COFRADIA DE PESCADORES DE MAZARRON) TLF. 650612379<\/p>\n\n\n\n<p>JUNTA GENERAL ver acta aqu\u00ed<\/p>\n\n\n\n<p>Ning\u00fan miembro del Organigrama tiene pertenencia o participaci\u00f3n institucional en consejos de administraci\u00f3n de entidades p\u00fablicas.<\/p>\n\n\n\n<p>El cese de cargos de miembros de la Junta General, incluyendo el de su Presidente o Vicepresidentes, no incluye indemnizaci\u00f3n alguna, al ser cargos no remunerados.<\/p>\n\n\n\n<p><strong>PLANTILLA LABORAL:<\/strong><\/p>\n\n\n\n<p><strong>SECRETARIA:<\/strong><\/p>\n\n\n\n<p>ISABEL MARIA LOPEZ SANCHEZ<\/p>\n\n\n\n<p>Encargada Administraci\u00f3n General.<\/p>\n\n\n\n<p>Contrato indefinido<\/p>\n\n\n\n<p>Tlf: 650612379<\/p>\n\n\n\n<p><strong>OFICINA COFRADIA:<\/strong><\/p>\n\n\n\n<p><strong>ADMINISTRATIVO:<\/strong><\/p>\n\n\n\n<p>VICENTE JESUS OROZCO MORENO<\/p>\n\n\n\n<p>Auxiliar ADMINISTRATIVO<\/p>\n\n\n\n<p>Contrato indefinido<\/p>\n\n\n\n<p>Tlf: 968595528<\/p>\n\n\n\n<p><strong>PERSONAL LONJA:<\/strong><\/p>\n\n\n\n<p><strong>ADMINISTRATIVO LONJA:<\/strong><\/p>\n\n\n\n<p>ANTONIO JOSE LOPEZ MU\u00d1OZ<\/p>\n\n\n\n<p>Encargado Administraci\u00f3n lonja de pescados<\/p>\n\n\n\n<p>Contrato indefinido<\/p>\n\n\n\n<p>Tlf. 968594092<\/p>\n\n\n\n<p><strong>ADMINISTRATIVO LONJA:<\/strong><\/p>\n\n\n\n<p>MIGUEL GINES LOPEZ SANCHEZ<\/p>\n\n\n\n<p>Responsable subasta<\/p>\n\n\n\n<p>Contrato indefinido<\/p>\n\n\n\n<p>Tlf. 968594092<\/p>\n\n\n\n<p><strong>RESPONSABLE FABRICA HIELO:<\/strong><\/p>\n\n\n\n<p>PEDRO ZAMORA PAREDES<\/p>\n\n\n\n<p>Encargado F\u00e1brica de Hielo<\/p>\n\n\n\n<p>Contrato indefinido<\/p>\n\n\n\n<p>Tlf. 968594092<\/p>\n\n\n\n<p><strong>ENCARGADO DE LIMPIEZA:<\/strong><\/p>\n\n\n\n<p>IGNACIO VIVANCOS PARRAGA<\/p>\n\n\n\n<p>Contrato indefinido<\/p>\n\n\n\n<p>Tlf: 968594092<\/p>\n\n\n\n<p><strong>AUXILIAR SUBASTA:<\/strong><\/p>\n\n\n\n<p>PEDRO MECA PAREDES<\/p>\n\n\n\n<p>Contrato indefinido<\/p>\n\n\n\n<p>Tlf: 968594092<\/p>\n\n\n\n<p><strong>PERSONAL VARADERO:<\/strong><\/p>\n\n\n\n<p><strong>RESPONSABLE MANIOBRAS:<\/strong><\/p>\n\n\n\n<p>PEDRO ACOSTA GARCIA<\/p>\n\n\n\n<p>Contrato indefinido<\/p>\n\n\n\n<p>TLF: 637719400<\/p>\n\n\n\n<p><strong>AYUDANTE MANIOBRAS:<\/strong><\/p>\n\n\n\n<p>ANDRES PAREDES PICON<\/p>\n\n\n\n<p>Contrato indefinido<\/p>\n\n\n\n<p>TLF: 637719400<\/p>\n\n\n\n<p>Las retribuciones y gastos en seguridad social de dicha plantilla en 2022 ascendi\u00f3 a la cantidad de\u00a0<strong>301.199,03 \u20ac<\/strong><\/p>\n","protected":false},"excerpt":{"rendered":"<p>Antecedentes Hist\u00f3ricos Los antecedentes de las Cofrad\u00edas de Pescadores hay que buscarlos nueve siglos atr\u00e1s enlaz\u00e1ndolos con la realidad social de aquella \u00e9poca, en que dado las grandes dificultades ofrecidas por la mar y la utilizaci\u00f3n de unos tipos de embarcaciones excesivamente fr\u00e1giles, de reducida autonom\u00eda y con evidentes peligros para las propias vidas humanas &hellip; <\/p>\n<p class=\"link-more\"><a href=\"https:\/\/cofradiamazarron.es\/?page_id=2\" class=\"more-link\">Continuar leyendo<span class=\"screen-reader-text\"> \u00abLa Cofrad\u00eda\u00bb<\/span><\/a><\/p>\n","protected":false},"author":1,"featured_media":0,"parent":0,"menu_order":0,"comment_status":"closed","ping_status":"open","template":"","meta":{"footnotes":""},"_links":{"self":[{"href":"https:\/\/cofradiamazarron.es\/index.php?rest_route=\/wp\/v2\/pages\/2"}],"collection":[{"href":"https:\/\/cofradiamazarron.es\/index.php?rest_route=\/wp\/v2\/pages"}],"about":[{"href":"https:\/\/cofradiamazarron.es\/index.php?rest_route=\/wp\/v2\/types\/page"}],"author":[{"embeddable":true,"href":"https:\/\/cofradiamazarron.es\/index.php?rest_route=\/wp\/v2\/users\/1"}],"replies":[{"embeddable":true,"href":"https:\/\/cofradiamazarron.es\/index.php?rest_route=%2Fwp%2Fv2%2Fcomments&post=2"}],"version-history":[{"count":4,"href":"https:\/\/cofradiamazarron.es\/index.php?rest_route=\/wp\/v2\/pages\/2\/revisions"}],"predecessor-version":[{"id":210,"href":"https:\/\/cofradiamazarron.es\/index.php?rest_route=\/wp\/v2\/pages\/2\/revisions\/210"}],"wp:attachment":[{"href":"https:\/\/cofradiamazarron.es\/index.php?rest_route=%2Fwp%2Fv2%2Fmedia&parent=2"}],"curies":[{"name":"wp","href":"https:\/\/api.w.org\/{rel}","templated":true}]}}