{"id":203,"date":"2024-07-30T18:25:01","date_gmt":"2024-07-30T18:25:01","guid":{"rendered":"https:\/\/cofradiamazarron.es\/?page_id=203"},"modified":"2024-08-27T15:19:56","modified_gmt":"2024-08-27T15:19:56","slug":"noticias","status":"publish","type":"page","link":"https:\/\/cofradiamazarron.es\/?page_id=203","title":{"rendered":"Noticias"},"content":{"rendered":"<ul class=\"wp-block-latest-posts__list has-dates wp-block-latest-posts\"><li><div class=\"wp-block-latest-posts__featured-image\"><img loading=\"lazy\" decoding=\"async\" width=\"150\" height=\"150\" src=\"https:\/\/cofradiamazarron.es\/wp-content\/uploads\/2026\/04\/WhatsApp-Image-2026-04-21-at-20.02.00-1-150x150.jpeg\" class=\"attachment-thumbnail size-thumbnail wp-post-image\" alt=\"\" style=\"\" srcset=\"https:\/\/cofradiamazarron.es\/wp-content\/uploads\/2026\/04\/WhatsApp-Image-2026-04-21-at-20.02.00-1-150x150.jpeg 150w, https:\/\/cofradiamazarron.es\/wp-content\/uploads\/2026\/04\/WhatsApp-Image-2026-04-21-at-20.02.00-1-100x100.jpeg 100w\" sizes=\"100vw\" \/><\/div><a class=\"wp-block-latest-posts__post-title\" href=\"https:\/\/cofradiamazarron.es\/?p=632\">La Cofrad\u00eda de Pescadores de Mazarr\u00f3n y la Fundaci\u00f3n Ecoalf acercan la pesca local y la concienciaci\u00f3n medioambiental al alumnado del IES Antonio Hell\u00edn Costa<\/a><time datetime=\"2026-04-23T12:13:07+00:00\" class=\"wp-block-latest-posts__post-date\">abril 23, 2026<\/time><div class=\"wp-block-latest-posts__post-excerpt\">La Cofrad\u00eda de Pescadores de Mazarr\u00f3n y la Fundaci\u00f3n Ecoalf han desarrollado, una vez m\u00e1s, una jornada educativa dirigida a alumnos de centros de ense\u00f1anza con el objetivo de dar a conocer la pesca local y las acciones medioambientales que se llevan a cabo a trav\u00e9s de la pesca de arrastre. En esta ocasi\u00f3n, la &hellip; <p class=\"link-more\"><a href=\"https:\/\/cofradiamazarron.es\/?p=632\" class=\"more-link\">Continuar leyendo<span class=\"screen-reader-text\"> \u00abLa Cofrad\u00eda de Pescadores de Mazarr\u00f3n y la Fundaci\u00f3n Ecoalf acercan la pesca local y la concienciaci\u00f3n medioambiental al alumnado del IES Antonio Hell\u00edn Costa\u00bb<\/span><\/a><\/p><\/div><\/li>\n<li><div class=\"wp-block-latest-posts__featured-image\"><img loading=\"lazy\" decoding=\"async\" width=\"150\" height=\"150\" src=\"https:\/\/cofradiamazarron.es\/wp-content\/uploads\/2026\/03\/WhatsApp-Image-2026-03-08-at-09.25.25-1-150x150.jpeg\" class=\"attachment-thumbnail size-thumbnail wp-post-image\" alt=\"\" style=\"\" srcset=\"https:\/\/cofradiamazarron.es\/wp-content\/uploads\/2026\/03\/WhatsApp-Image-2026-03-08-at-09.25.25-1-150x150.jpeg 150w, https:\/\/cofradiamazarron.es\/wp-content\/uploads\/2026\/03\/WhatsApp-Image-2026-03-08-at-09.25.25-1-100x100.jpeg 100w\" sizes=\"100vw\" \/><\/div><a class=\"wp-block-latest-posts__post-title\" href=\"https:\/\/cofradiamazarron.es\/?p=624\">La ocean\u00f3grafa Inmaculada Torres, de la Cofrad\u00eda de Pescadores de Mazarr\u00f3n, Premio 8 de Marzo de la Regi\u00f3n de Murcia<\/a><time datetime=\"2026-03-17T12:01:18+00:00\" class=\"wp-block-latest-posts__post-date\">marzo 17, 2026<\/time><div class=\"wp-block-latest-posts__post-excerpt\">La ocean\u00f3grafa Inmaculada Torres Cano, vinculada a la Cofrad\u00eda de Pescadores de Mazarr\u00f3n, ha sido reconocida con uno de los Premios 8 de Marzo de la Regi\u00f3n de Murcia, un galard\u00f3n que distingue a mujeres que destacan por su compromiso social, profesional y por su contribuci\u00f3n al avance de la igualdad. Doctora en Biodiversidad y &hellip; <p class=\"link-more\"><a href=\"https:\/\/cofradiamazarron.es\/?p=624\" class=\"more-link\">Continuar leyendo<span class=\"screen-reader-text\"> \u00abLa ocean\u00f3grafa Inmaculada Torres, de la Cofrad\u00eda de Pescadores de Mazarr\u00f3n, Premio 8 de Marzo de la Regi\u00f3n de Murcia\u00bb<\/span><\/a><\/p><\/div><\/li>\n<li><div class=\"wp-block-latest-posts__featured-image\"><img loading=\"lazy\" decoding=\"async\" width=\"150\" height=\"150\" src=\"https:\/\/cofradiamazarron.es\/wp-content\/uploads\/2025\/12\/4-150x150.jpeg\" class=\"attachment-thumbnail size-thumbnail wp-post-image\" alt=\"\" style=\"\" srcset=\"https:\/\/cofradiamazarron.es\/wp-content\/uploads\/2025\/12\/4-150x150.jpeg 150w, https:\/\/cofradiamazarron.es\/wp-content\/uploads\/2025\/12\/4-100x100.jpeg 100w\" sizes=\"100vw\" \/><\/div><a class=\"wp-block-latest-posts__post-title\" href=\"https:\/\/cofradiamazarron.es\/?p=616\">La Cofrad\u00eda de Pescadores recibe la visita de Personas Mayores de Archena<\/a><time datetime=\"2025-12-22T11:18:50+00:00\" class=\"wp-block-latest-posts__post-date\">diciembre 22, 2025<\/time><div class=\"wp-block-latest-posts__post-excerpt\">El pasado 17 de diciembre, la Cofrad\u00eda de Pescadores tuvo el placer de recibir la visita de un grupo de Personas Mayores de Archena, que pudieron conocer de primera mano las instalaciones de la entidad. Durante la jornada, los visitantes recorrieron la lonja, el varadero y el muelle, as\u00ed como los distintos proyectos desarrollados para &hellip; <p class=\"link-more\"><a href=\"https:\/\/cofradiamazarron.es\/?p=616\" class=\"more-link\">Continuar leyendo<span class=\"screen-reader-text\"> \u00abLa Cofrad\u00eda de Pescadores recibe la visita de Personas Mayores de Archena\u00bb<\/span><\/a><\/p><\/div><\/li>\n<li><div class=\"wp-block-latest-posts__featured-image\"><img loading=\"lazy\" decoding=\"async\" width=\"150\" height=\"150\" src=\"https:\/\/cofradiamazarron.es\/wp-content\/uploads\/2025\/07\/521130993_18096871591611555_7792057663235970415_n-150x150.jpg\" class=\"attachment-thumbnail size-thumbnail wp-post-image\" alt=\"\" style=\"\" srcset=\"https:\/\/cofradiamazarron.es\/wp-content\/uploads\/2025\/07\/521130993_18096871591611555_7792057663235970415_n-150x150.jpg 150w, https:\/\/cofradiamazarron.es\/wp-content\/uploads\/2025\/07\/521130993_18096871591611555_7792057663235970415_n-100x100.jpg 100w\" sizes=\"100vw\" \/><\/div><a class=\"wp-block-latest-posts__post-title\" href=\"https:\/\/cofradiamazarron.es\/?p=604\">PESCA | El Ayuntamiento de Mazarr\u00f3n renueva su compromiso con la Cofrad\u00eda de Pescadores<\/a><time datetime=\"2025-07-21T16:58:17+00:00\" class=\"wp-block-latest-posts__post-date\">julio 21, 2025<\/time><div class=\"wp-block-latest-posts__post-excerpt\">Mazarr\u00f3n, 21 de julio de 2025 El Ayuntamiento de Mazarr\u00f3n y la Cofrad\u00eda de Pescadores han renovado hoy su compromiso institucional con la firma de un acuerdo que refuerza el apoyo del consistorio al sector pesquero local. Esta colaboraci\u00f3n, que se mantiene firme a\u00f1o tras a\u00f1o, tiene como objetivo seguir impulsando la actividad pesquera sostenible, &hellip; <p class=\"link-more\"><a href=\"https:\/\/cofradiamazarron.es\/?p=604\" class=\"more-link\">Continuar leyendo<span class=\"screen-reader-text\"> \u00abPESCA | El Ayuntamiento de Mazarr\u00f3n renueva su compromiso con la Cofrad\u00eda de Pescadores\u00bb<\/span><\/a><\/p><\/div><\/li>\n<li><div class=\"wp-block-latest-posts__featured-image\"><img loading=\"lazy\" decoding=\"async\" width=\"150\" height=\"150\" src=\"https:\/\/cofradiamazarron.es\/wp-content\/uploads\/2025\/04\/Captura-de-pantalla-2025-04-16-a-las-12.00.18-150x150.png\" class=\"attachment-thumbnail size-thumbnail wp-post-image\" alt=\"\" style=\"\" srcset=\"https:\/\/cofradiamazarron.es\/wp-content\/uploads\/2025\/04\/Captura-de-pantalla-2025-04-16-a-las-12.00.18-150x150.png 150w, https:\/\/cofradiamazarron.es\/wp-content\/uploads\/2025\/04\/Captura-de-pantalla-2025-04-16-a-las-12.00.18-100x100.png 100w\" sizes=\"100vw\" \/><\/div><a class=\"wp-block-latest-posts__post-title\" href=\"https:\/\/cofradiamazarron.es\/?p=535\">Los pescadores se movilizan contra la actual pol\u00edtica pesquera<\/a><time datetime=\"2025-04-16T10:09:44+00:00\" class=\"wp-block-latest-posts__post-date\">abril 16, 2025<\/time><div class=\"wp-block-latest-posts__post-excerpt\">El cuestionario est\u00e1 disponible en Consultas P\u00fablica PPC. La Cofrad\u00eda subraya la importancia de que el sector pesquero y la ciudadan\u00eda de Mazarr\u00f3n hagan o\u00edr su voz, especialmente antes las posturas de las ONG medioambientales que, seg\u00fan indican, no siempre reflejan los intereses del sector pesquero.<\/div><\/li>\n<li><div class=\"wp-block-latest-posts__featured-image\"><img loading=\"lazy\" decoding=\"async\" width=\"150\" height=\"150\" src=\"https:\/\/cofradiamazarron.es\/wp-content\/uploads\/2025\/03\/Captura-de-pantalla-2025-03-31-a-las-11.54.52-150x150.png\" class=\"attachment-thumbnail size-thumbnail wp-post-image\" alt=\"\" style=\"\" srcset=\"https:\/\/cofradiamazarron.es\/wp-content\/uploads\/2025\/03\/Captura-de-pantalla-2025-03-31-a-las-11.54.52-150x150.png 150w, https:\/\/cofradiamazarron.es\/wp-content\/uploads\/2025\/03\/Captura-de-pantalla-2025-03-31-a-las-11.54.52-100x100.png 100w\" sizes=\"100vw\" \/><\/div><a class=\"wp-block-latest-posts__post-title\" href=\"https:\/\/cofradiamazarron.es\/?p=529\">CHARLA-COLOQUIO EN EL I.E.S. ANTONIO HELL\u00cdN SOBRE PESCA Y CONSERVACI\u00d3N MARINA<\/a><time datetime=\"2025-03-31T09:56:39+00:00\" class=\"wp-block-latest-posts__post-date\">marzo 31, 2025<\/time><div class=\"wp-block-latest-posts__post-excerpt\">El pasado viernes 21 de marzo, la Cofrad\u00eda de Pescadores de Mazarr\u00f3n y la Fundaci\u00f3n Ecoalfofrecieron una charla-coloquio en el I.E.S. Antonio Hell\u00edn de Puerto de Mazarr\u00f3n paraconcienciar a los alumnos sobre la importancia de la pesca en la conservaci\u00f3n de los fondosmarinos. El evento cont\u00f3 con la presencia de D. Vicente Orozco, en representaci\u00f3n &hellip; <p class=\"link-more\"><a href=\"https:\/\/cofradiamazarron.es\/?p=529\" class=\"more-link\">Continuar leyendo<span class=\"screen-reader-text\"> \u00abCHARLA-COLOQUIO EN EL I.E.S. ANTONIO HELL\u00cdN SOBRE PESCA Y CONSERVACI\u00d3N MARINA\u00bb<\/span><\/a><\/p><\/div><\/li>\n<li><div class=\"wp-block-latest-posts__featured-image\"><img loading=\"lazy\" decoding=\"async\" width=\"150\" height=\"150\" src=\"https:\/\/cofradiamazarron.es\/wp-content\/uploads\/2025\/03\/lonja-mazarron-30-150x150.webp\" class=\"attachment-thumbnail size-thumbnail wp-post-image\" alt=\"\" style=\"\" srcset=\"https:\/\/cofradiamazarron.es\/wp-content\/uploads\/2025\/03\/lonja-mazarron-30-150x150.webp 150w, https:\/\/cofradiamazarron.es\/wp-content\/uploads\/2025\/03\/lonja-mazarron-30-100x100.webp 100w\" sizes=\"100vw\" \/><\/div><a class=\"wp-block-latest-posts__post-title\" href=\"https:\/\/cofradiamazarron.es\/?p=494\">LA VIDA EN LA LONJA DE MAZARRON\u00a0<\/a><time datetime=\"2025-03-07T09:39:37+00:00\" class=\"wp-block-latest-posts__post-date\">marzo 7, 2025<\/time><div class=\"wp-block-latest-posts__post-excerpt\">Conjunto fotogr\u00e1fico sobre la vida diaria en la Lonja de Mazarr\u00f3n, recogido dentro del proyecto \u00abLa mar de vida\u00bb, realizado durante el a\u00f1o 2017 para la Lonja de Mazarr\u00f3n con la colaboraci\u00f3n de Galpemur. PESCA DE CERCO LAS ARTES MENORES<\/div><\/li>\n<li><div class=\"wp-block-latest-posts__featured-image\"><img loading=\"lazy\" decoding=\"async\" width=\"150\" height=\"150\" src=\"https:\/\/cofradiamazarron.es\/wp-content\/uploads\/2024\/10\/Captura-de-pantalla-2024-10-03-a-las-11.02.09-150x150.png\" class=\"attachment-thumbnail size-thumbnail wp-post-image\" alt=\"\" style=\"\" srcset=\"https:\/\/cofradiamazarron.es\/wp-content\/uploads\/2024\/10\/Captura-de-pantalla-2024-10-03-a-las-11.02.09-150x150.png 150w, https:\/\/cofradiamazarron.es\/wp-content\/uploads\/2024\/10\/Captura-de-pantalla-2024-10-03-a-las-11.02.09-100x100.png 100w\" sizes=\"100vw\" \/><\/div><a class=\"wp-block-latest-posts__post-title\" href=\"https:\/\/cofradiamazarron.es\/?p=463\">Convenio de colaboraci\u00f3n entre el ayuntamiento de Mazarr\u00f3n y la Cofrad\u00eda de Pescadores de Mazarr\u00f3n<\/a><time datetime=\"2024-10-03T09:03:10+00:00\" class=\"wp-block-latest-posts__post-date\">octubre 3, 2024<\/time><div class=\"wp-block-latest-posts__post-excerpt\">El pasado viernes, el alcalde, Gin\u00e9s Campillo, junto a la concejal de Puerto y Pesca, Ana Ruiz, y el patr\u00f3n mayor de la Cofrad\u00eda de Pescadores, Manuel S\u00e1nchez, firmaron un convenio de colaboraci\u00f3n destinado a impulsar el sector pesquero en el municipio. Este acuerdo tiene como objetivo principal apoyar la preservaci\u00f3n y puesta en valor &hellip; <p class=\"link-more\"><a href=\"https:\/\/cofradiamazarron.es\/?p=463\" class=\"more-link\">Continuar leyendo<span class=\"screen-reader-text\"> \u00abConvenio de colaboraci\u00f3n entre el ayuntamiento de Mazarr\u00f3n y la Cofrad\u00eda de Pescadores de Mazarr\u00f3n\u00bb<\/span><\/a><\/p><\/div><\/li>\n<li><a class=\"wp-block-latest-posts__post-title\" href=\"https:\/\/cofradiamazarron.es\/?p=457\">Un at\u00fan de 100 kilos en Mazarr\u00f3n<\/a><time datetime=\"2024-08-27T15:17:41+00:00\" class=\"wp-block-latest-posts__post-date\">agosto 27, 2024<\/time><div class=\"wp-block-latest-posts__post-excerpt\">Ayer fue capturado el primer at\u00fan, 100 Kilos, por parte de la embarcaci\u00f3n El Pardelo, embarcaci\u00f3n con cuota autorizada como embarcaci\u00f3n censada en la modalidad de artes menores.<\/div><\/li>\n<li><div class=\"wp-block-latest-posts__featured-image\"><img loading=\"lazy\" decoding=\"async\" width=\"150\" height=\"150\" src=\"https:\/\/cofradiamazarron.es\/wp-content\/uploads\/2024\/08\/convenio-150x150.jpg\" class=\"attachment-thumbnail size-thumbnail wp-post-image\" alt=\"\" style=\"\" srcset=\"https:\/\/cofradiamazarron.es\/wp-content\/uploads\/2024\/08\/convenio-150x150.jpg 150w, https:\/\/cofradiamazarron.es\/wp-content\/uploads\/2024\/08\/convenio-300x300.jpg 300w, https:\/\/cofradiamazarron.es\/wp-content\/uploads\/2024\/08\/convenio-100x100.jpg 100w, https:\/\/cofradiamazarron.es\/wp-content\/uploads\/2024\/08\/convenio.jpg 525w\" sizes=\"100vw\" \/><\/div><a class=\"wp-block-latest-posts__post-title\" href=\"https:\/\/cofradiamazarron.es\/?p=453\">Convenio de la federaci\u00f3n Regional con Cajamar<\/a><time datetime=\"2024-08-27T15:13:36+00:00\" class=\"wp-block-latest-posts__post-date\">agosto 27, 2024<\/time><div class=\"wp-block-latest-posts__post-excerpt\">Este acuerdo facilita adelantar los pagos en las inversiones que se realizan con fondos de Galpemur de las 4 Cofrad\u00edas de la Regi\u00f3n<\/div><\/li>\n<li><div class=\"wp-block-latest-posts__featured-image\"><img loading=\"lazy\" decoding=\"async\" width=\"150\" height=\"150\" src=\"https:\/\/cofradiamazarron.es\/wp-content\/uploads\/2024\/08\/barcos-150x150.jpg\" class=\"attachment-thumbnail size-thumbnail wp-post-image\" alt=\"\" style=\"\" srcset=\"https:\/\/cofradiamazarron.es\/wp-content\/uploads\/2024\/08\/barcos-150x150.jpg 150w, https:\/\/cofradiamazarron.es\/wp-content\/uploads\/2024\/08\/barcos-300x300.jpg 300w, https:\/\/cofradiamazarron.es\/wp-content\/uploads\/2024\/08\/barcos-100x100.jpg 100w, https:\/\/cofradiamazarron.es\/wp-content\/uploads\/2024\/08\/barcos.jpg 525w\" sizes=\"100vw\" \/><\/div><a class=\"wp-block-latest-posts__post-title\" href=\"https:\/\/cofradiamazarron.es\/?p=439\">Modalidades de Pesca<\/a><time datetime=\"2024-08-19T16:51:01+00:00\" class=\"wp-block-latest-posts__post-date\">agosto 19, 2024<\/time><div class=\"wp-block-latest-posts__post-excerpt\">Barco artes menores cuatro Hnas Sanchez<\/div><\/li>\n<\/ul>","protected":false},"excerpt":{"rendered":"","protected":false},"author":1,"featured_media":0,"parent":0,"menu_order":0,"comment_status":"closed","ping_status":"closed","template":"","meta":{"footnotes":""},"_links":{"self":[{"href":"https:\/\/cofradiamazarron.es\/index.php?rest_route=\/wp\/v2\/pages\/203"}],"collection":[{"href":"https:\/\/cofradiamazarron.es\/index.php?rest_route=\/wp\/v2\/pages"}],"about":[{"href":"https:\/\/cofradiamazarron.es\/index.php?rest_route=\/wp\/v2\/types\/page"}],"author":[{"embeddable":true,"href":"https:\/\/cofradiamazarron.es\/index.php?rest_route=\/wp\/v2\/users\/1"}],"replies":[{"embeddable":true,"href":"https:\/\/cofradiamazarron.es\/index.php?rest_route=%2Fwp%2Fv2%2Fcomments&post=203"}],"version-history":[{"count":3,"href":"https:\/\/cofradiamazarron.es\/index.php?rest_route=\/wp\/v2\/pages\/203\/revisions"}],"predecessor-version":[{"id":232,"href":"https:\/\/cofradiamazarron.es\/index.php?rest_route=\/wp\/v2\/pages\/203\/revisions\/232"}],"wp:attachment":[{"href":"https:\/\/cofradiamazarron.es\/index.php?rest_route=%2Fwp%2Fv2%2Fmedia&parent=203"}],"curies":[{"name":"wp","href":"https:\/\/api.w.org\/{rel}","templated":true}]}}