{"id":227,"date":"2024-08-04T08:38:07","date_gmt":"2024-08-04T08:38:07","guid":{"rendered":"https:\/\/cofradiamazarron.es\/?page_id=227"},"modified":"2024-08-07T07:30:33","modified_gmt":"2024-08-07T07:30:33","slug":"proyectos","status":"publish","type":"page","link":"https:\/\/cofradiamazarron.es\/?page_id=227","title":{"rendered":"Proyectos"},"content":{"rendered":"<ul class=\"wp-block-latest-posts__list has-dates wp-block-latest-posts\"><li><a class=\"wp-block-latest-posts__post-title\" href=\"https:\/\/cofradiamazarron.es\/?p=609\">Proyectos 2025 \u2013 Cofrad\u00eda de Pescadores de Mazarr\u00f3n<\/a><time datetime=\"2025-11-05T16:58:28+00:00\" class=\"wp-block-latest-posts__post-date\">noviembre 5, 2025<\/time><div class=\"wp-block-latest-posts__post-excerpt\">Proyecto 1: Apoyo en el Servicio de Guarder\u00eda en la Reserva Marina de Inter\u00e9s Pesquero de Cabo Ti\u00f1oso En el marco del programa FEMPA 2021\u20132027 y de la EDLP de GALPEMUR, la Cofrad\u00eda de Pescadores de Mazarr\u00f3n ha ejecutado durante los meses de julio y agosto de 2024 y 2025 el proyecto \u201cApoyo en el &hellip; <p class=\"link-more\"><a href=\"https:\/\/cofradiamazarron.es\/?p=609\" class=\"more-link\">Continuar leyendo<span class=\"screen-reader-text\"> \u00abProyectos 2025 \u2013 Cofrad\u00eda de Pescadores de Mazarr\u00f3n\u00bb<\/span><\/a><\/p><\/div><\/li>\n<li><div class=\"wp-block-latest-posts__featured-image\"><img loading=\"lazy\" decoding=\"async\" width=\"150\" height=\"150\" src=\"https:\/\/cofradiamazarron.es\/wp-content\/uploads\/2024\/12\/Captura-de-pantalla-2024-12-16-a-las-12.40.34-150x150.png\" class=\"attachment-thumbnail size-thumbnail wp-post-image\" alt=\"\" style=\"\" srcset=\"https:\/\/cofradiamazarron.es\/wp-content\/uploads\/2024\/12\/Captura-de-pantalla-2024-12-16-a-las-12.40.34-150x150.png 150w, https:\/\/cofradiamazarron.es\/wp-content\/uploads\/2024\/12\/Captura-de-pantalla-2024-12-16-a-las-12.40.34-100x100.png 100w\" sizes=\"100vw\" \/><\/div><a class=\"wp-block-latest-posts__post-title\" href=\"https:\/\/cofradiamazarron.es\/?p=487\">Proyecto Web Cofrad\u00eda<\/a><time datetime=\"2024-12-16T11:41:42+00:00\" class=\"wp-block-latest-posts__post-date\">diciembre 16, 2024<\/time><div class=\"wp-block-latest-posts__post-excerpt\">\u00abEl proyecto PAGINA WEB , llevado a cabo por \u00a0COFRADIA DE PESCADORES DE MAZARRON \u00a0con una inversi\u00f3n de \u00a03.100,00 \u20ac y una subvenci\u00f3n de 3.100,00 \u20ac, se enmarca en la Estrategia de Desarrollo Local Participativo del \u201cGrupo de Acci\u00f3n Local de Pesca y Acuicultura de la Regi\u00f3n de Murcia (GALPEMUR)\u201d y est\u00e1 cofinanciado por el &hellip; <p class=\"link-more\"><a href=\"https:\/\/cofradiamazarron.es\/?p=487\" class=\"more-link\">Continuar leyendo<span class=\"screen-reader-text\"> \u00abProyecto Web Cofrad\u00eda\u00bb<\/span><\/a><\/p><\/div><\/li>\n<li><div class=\"wp-block-latest-posts__featured-image\"><img loading=\"lazy\" decoding=\"async\" width=\"150\" height=\"150\" src=\"https:\/\/cofradiamazarron.es\/wp-content\/uploads\/2024\/07\/cofradia-de-pescadores-de-Mazarron-1024x758-1-150x150.jpg\" class=\"attachment-thumbnail size-thumbnail wp-post-image\" alt=\"\" style=\"\" srcset=\"https:\/\/cofradiamazarron.es\/wp-content\/uploads\/2024\/07\/cofradia-de-pescadores-de-Mazarron-1024x758-1-150x150.jpg 150w, https:\/\/cofradiamazarron.es\/wp-content\/uploads\/2024\/07\/cofradia-de-pescadores-de-Mazarron-1024x758-1-100x100.jpg 100w\" sizes=\"100vw\" \/><\/div><a class=\"wp-block-latest-posts__post-title\" href=\"https:\/\/cofradiamazarron.es\/?p=484\">Proyecto APLICACI\u00d3N FOTOCATALISIS PLACAS SOLARES<\/a><time datetime=\"2024-12-16T11:37:38+00:00\" class=\"wp-block-latest-posts__post-date\">diciembre 16, 2024<\/time><div class=\"wp-block-latest-posts__post-excerpt\">\u00abEl proyecto APLICACI\u00d3N FOTOCATALISIS PLACAS SOLARES , llevado a cabo por COFRADIA DE PESCADORE DE\u00a0 MAZARRON \u00a0con una inversi\u00f3n de \u00a022.000 Regi\u00f3n de Murcia (GALPEMUR)\u201d y est\u00e1 cofinanciado por el Fondo Europeo Mar\u00edtimo, de Pesca y Acuicultura (FEMPA) al 70% y por la Comunidad Aut\u00f3noma dela Regi\u00f3n de Murcia (CARM) al 30%.\u201d<\/div><\/li>\n<li><div class=\"wp-block-latest-posts__featured-image\"><img loading=\"lazy\" decoding=\"async\" width=\"150\" height=\"150\" src=\"https:\/\/cofradiamazarron.es\/wp-content\/uploads\/2024\/12\/Captura-de-pantalla-2024-12-16-a-las-12.33.29-150x150.png\" class=\"attachment-thumbnail size-thumbnail wp-post-image\" alt=\"\" style=\"\" srcset=\"https:\/\/cofradiamazarron.es\/wp-content\/uploads\/2024\/12\/Captura-de-pantalla-2024-12-16-a-las-12.33.29-150x150.png 150w, https:\/\/cofradiamazarron.es\/wp-content\/uploads\/2024\/12\/Captura-de-pantalla-2024-12-16-a-las-12.33.29-100x100.png 100w\" sizes=\"100vw\" \/><\/div><a class=\"wp-block-latest-posts__post-title\" href=\"https:\/\/cofradiamazarron.es\/?p=476\">El proyecto CURSO DE FORMACION SANITARIA Y OPERADOR DE RADIO<\/a><time datetime=\"2024-12-16T11:34:11+00:00\" class=\"wp-block-latest-posts__post-date\">diciembre 16, 2024<\/time><div class=\"wp-block-latest-posts__post-excerpt\">\u00abEl proyecto CURSO DE FORMACION SANITARIA Y OPERADOR DE RADIO \u00a0, llevado a cabo por COFRADIA DE PESCADORE DE MAZARRON, con una inversi\u00f3n de \u00a013.920,00 \u20ac y una subvenci\u00f3n de \u00a013.920,00 \u20ac, se enmarca en la Estrategia de Desarrollo Local Participativo del \u201cGrupo de Acci\u00f3n Local de Pesca y Acuicultura de la Regi\u00f3n se enmarca &hellip; <p class=\"link-more\"><a href=\"https:\/\/cofradiamazarron.es\/?p=476\" class=\"more-link\">Continuar leyendo<span class=\"screen-reader-text\"> \u00abEl proyecto CURSO DE FORMACION SANITARIA Y OPERADOR DE RADIO\u00bb<\/span><\/a><\/p><\/div><\/li>\n<li><div class=\"wp-block-latest-posts__featured-image\"><img loading=\"lazy\" decoding=\"async\" width=\"150\" height=\"150\" src=\"https:\/\/cofradiamazarron.es\/wp-content\/uploads\/2024\/12\/Captura-de-pantalla-2024-12-14-a-las-10.58.16-150x150.png\" class=\"attachment-thumbnail size-thumbnail wp-post-image\" alt=\"\" style=\"\" srcset=\"https:\/\/cofradiamazarron.es\/wp-content\/uploads\/2024\/12\/Captura-de-pantalla-2024-12-14-a-las-10.58.16-150x150.png 150w, https:\/\/cofradiamazarron.es\/wp-content\/uploads\/2024\/12\/Captura-de-pantalla-2024-12-14-a-las-10.58.16-100x100.png 100w\" sizes=\"100vw\" \/><\/div><a class=\"wp-block-latest-posts__post-title\" href=\"https:\/\/cofradiamazarron.es\/?p=468\">Proyecto MODERNIZACION LONJA<\/a><time datetime=\"2024-12-14T09:56:18+00:00\" class=\"wp-block-latest-posts__post-date\">diciembre 14, 2024<\/time><div class=\"wp-block-latest-posts__post-excerpt\">El proyecto MODERNIZACION LONJA, llevado a cabo por COFRADIA DE PESCADORES DE MAZARRON \u00a0con una inversi\u00f3n de 11.565,00 \u20ac y una subvenci\u00f3n de \u00a011.565,00, se enmarca en la Estrategia de Desarrollo Local Participativo del \u201cGrupo de Acci\u00f3n Local de Pesca y Acuicultura de la Regi\u00f3n de Murcia (GALPEMUR)\u201d y est\u00e1 cofinanciado por el Fondo Europeo &hellip; <p class=\"link-more\"><a href=\"https:\/\/cofradiamazarron.es\/?p=468\" class=\"more-link\">Continuar leyendo<span class=\"screen-reader-text\"> \u00abProyecto MODERNIZACION LONJA\u00bb<\/span><\/a><\/p><\/div><\/li>\n<li><div class=\"wp-block-latest-posts__featured-image\"><img loading=\"lazy\" decoding=\"async\" width=\"150\" height=\"150\" src=\"https:\/\/cofradiamazarron.es\/wp-content\/uploads\/2024\/08\/FPC0881-150x150.jpg\" class=\"attachment-thumbnail size-thumbnail wp-post-image\" alt=\"\" style=\"\" srcset=\"https:\/\/cofradiamazarron.es\/wp-content\/uploads\/2024\/08\/FPC0881-150x150.jpg 150w, https:\/\/cofradiamazarron.es\/wp-content\/uploads\/2024\/08\/FPC0881-100x100.jpg 100w\" sizes=\"100vw\" \/><\/div><a class=\"wp-block-latest-posts__post-title\" href=\"https:\/\/cofradiamazarron.es\/?p=437\">RETABLO PARA LA VIRGEN DEL CARMEN, PATRONA DE LOS PESCADORES Y PATRONA DEL PUERTO DE MAZARR\u00d3N<\/a><time datetime=\"2024-08-15T10:30:32+00:00\" class=\"wp-block-latest-posts__post-date\">agosto 15, 2024<\/time><div class=\"wp-block-latest-posts__post-excerpt\">Proyecto RETABLO PARA LA VIRGEN DEL CARMEN, PATRONA DE LOS PESCADORES Y PATRONA DEL PUERTO DE MAZARR\u00d3N presentado a GALPEMUR en la convocatoria de ayudas al amparo de la EDLP 2021 y que est\u00e1 cofinanciado por el Fondo Europeo Mar\u00edtimo y Pesquero (FEMP) al 85% y la Comunidad Aut\u00f3noma de la Regi\u00f3n (CARM) al 15%. &hellip; <p class=\"link-more\"><a href=\"https:\/\/cofradiamazarron.es\/?p=437\" class=\"more-link\">Continuar leyendo<span class=\"screen-reader-text\"> \u00abRETABLO PARA LA VIRGEN DEL CARMEN, PATRONA DE LOS PESCADORES Y PATRONA DEL PUERTO DE MAZARR\u00d3N\u00bb<\/span><\/a><\/p><\/div><\/li>\n<li><div class=\"wp-block-latest-posts__featured-image\"><img loading=\"lazy\" decoding=\"async\" width=\"150\" height=\"150\" src=\"https:\/\/cofradiamazarron.es\/wp-content\/uploads\/2024\/08\/IMG-20210215-WA0019-150x150.jpg\" class=\"attachment-thumbnail size-thumbnail wp-post-image\" alt=\"\" style=\"\" srcset=\"https:\/\/cofradiamazarron.es\/wp-content\/uploads\/2024\/08\/IMG-20210215-WA0019-150x150.jpg 150w, https:\/\/cofradiamazarron.es\/wp-content\/uploads\/2024\/08\/IMG-20210215-WA0019-100x100.jpg 100w\" sizes=\"100vw\" \/><\/div><a class=\"wp-block-latest-posts__post-title\" href=\"https:\/\/cofradiamazarron.es\/?p=433\">CURSOS DE FORMACI\u00d3N N\u00c1UTICO PESQUERO<\/a><time datetime=\"2024-08-15T10:16:35+00:00\" class=\"wp-block-latest-posts__post-date\">agosto 15, 2024<\/time><div class=\"wp-block-latest-posts__post-excerpt\">Proyecto CURSOS DE FORMACI\u00d3N N\u00c1UTICO PESQUERO presentado a GALPEMUR en la convocatoria de ayudas al amparo de la EDLP 2020 y que est\u00e1 cofinanciado por el Fondo Europeo Mar\u00edtimo y Pesquero (FEMP) al 85% y la Comunidad Aut\u00f3noma de la Regi\u00f3n (CARM) al 15%. La inversi\u00f3n realizada ha sido de 35.530,00 \u20ac y la subvenci\u00f3n &hellip; <p class=\"link-more\"><a href=\"https:\/\/cofradiamazarron.es\/?p=433\" class=\"more-link\">Continuar leyendo<span class=\"screen-reader-text\"> \u00abCURSOS DE FORMACI\u00d3N N\u00c1UTICO PESQUERO\u00bb<\/span><\/a><\/p><\/div><\/li>\n<li><div class=\"wp-block-latest-posts__featured-image\"><img loading=\"lazy\" decoding=\"async\" width=\"150\" height=\"100\" src=\"https:\/\/cofradiamazarron.es\/wp-content\/uploads\/2024\/08\/FPC0808-1.jpg\" class=\"attachment-thumbnail size-thumbnail wp-post-image\" alt=\"\" style=\"\" srcset=\"https:\/\/cofradiamazarron.es\/wp-content\/uploads\/2024\/08\/FPC0808-1.jpg 2048w, https:\/\/cofradiamazarron.es\/wp-content\/uploads\/2024\/08\/FPC0808-1-300x200.jpg 300w\" sizes=\"100vw\" \/><\/div><a class=\"wp-block-latest-posts__post-title\" href=\"https:\/\/cofradiamazarron.es\/?p=431\">MUSEALIZACI\u00d3N DE LA FACHADA DEL LOCAL \u201cBAR\u201d\u00a0 DE LA COFRADIA DE PESCADORES DE MAZARR\u00d3N<\/a><time datetime=\"2024-08-15T09:06:16+00:00\" class=\"wp-block-latest-posts__post-date\">agosto 15, 2024<\/time><div class=\"wp-block-latest-posts__post-excerpt\">Proyecto MUSEALIZACI\u00d3N DE LA FACHADA DEL LOCAL \u201cBAR\u201d\u00a0 DE LA COFRADIA DE PESCADORES DE MAZARR\u00d3N presentado a GALPEMUR en la convocatoria de ayudas al amparo de la EDLP 2020 y que est\u00e1 cofinanciado por el Fondo Europeo Mar\u00edtimo y Pesquero (FEMP) al 85% y la Comunidad Aut\u00f3noma de la Regi\u00f3n (CARM) al 15%. La inversi\u00f3n &hellip; <p class=\"link-more\"><a href=\"https:\/\/cofradiamazarron.es\/?p=431\" class=\"more-link\">Continuar leyendo<span class=\"screen-reader-text\"> \u00abMUSEALIZACI\u00d3N DE LA FACHADA DEL LOCAL \u201cBAR\u201d\u00a0 DE LA COFRADIA DE PESCADORES DE MAZARR\u00d3N\u00bb<\/span><\/a><\/p><\/div><\/li>\n<li><div class=\"wp-block-latest-posts__featured-image\"><img loading=\"lazy\" decoding=\"async\" width=\"150\" height=\"150\" src=\"https:\/\/cofradiamazarron.es\/wp-content\/uploads\/2024\/08\/PMLDP18_002-copia-copia-150x150.jpg\" class=\"attachment-thumbnail size-thumbnail wp-post-image\" alt=\"\" style=\"\" srcset=\"https:\/\/cofradiamazarron.es\/wp-content\/uploads\/2024\/08\/PMLDP18_002-copia-copia-150x150.jpg 150w, https:\/\/cofradiamazarron.es\/wp-content\/uploads\/2024\/08\/PMLDP18_002-copia-copia-100x100.jpg 100w\" sizes=\"100vw\" \/><\/div><a class=\"wp-block-latest-posts__post-title\" href=\"https:\/\/cofradiamazarron.es\/?p=427\">MUSEALIZACI\u00d3N LONJA DE PESCADOS DE PUERTO DE MAZARR\u00d3N<\/a><time datetime=\"2024-08-15T09:01:11+00:00\" class=\"wp-block-latest-posts__post-date\">agosto 15, 2024<\/time><div class=\"wp-block-latest-posts__post-excerpt\">Proyecto MUSEALIZACI\u00d3N LONJA DE PESCADOS DE PUERTO DE MAZARR\u00d3N presentado a GALPEMUR en la convocatoria de ayudas al amparo de la EDLP 2017 y que est\u00e1 cofinanciado por el Fondo Europeo Mar\u00edtimo y Pesquero (FEMP) al 85% y la Comunidad Aut\u00f3noma de la Regi\u00f3n (CARM) al 15%. La inversi\u00f3n realizada ha sido de 59.153,46 \u20ac, &hellip; <p class=\"link-more\"><a href=\"https:\/\/cofradiamazarron.es\/?p=427\" class=\"more-link\">Continuar leyendo<span class=\"screen-reader-text\"> \u00abMUSEALIZACI\u00d3N LONJA DE PESCADOS DE PUERTO DE MAZARR\u00d3N\u00bb<\/span><\/a><\/p><\/div><\/li>\n<li><a class=\"wp-block-latest-posts__post-title\" href=\"https:\/\/cofradiamazarron.es\/?p=159\">APOYO A LA VIGILANCIA DE LA RESERVA MARINA DE INTER\u00c9S PESQUERO CABO TI\u00d1OSO<\/a><time datetime=\"2023-10-05T09:44:36+00:00\" class=\"wp-block-latest-posts__post-date\">octubre 5, 2023<\/time><div class=\"wp-block-latest-posts__post-excerpt\">\u201cProyecto&nbsp;APOYO A LA VIGILANCIA DE LA RESERVA MARINA DE INTER\u00c9S PESQUERO CABO TI\u00d1OSO,&nbsp;realizado por la Cofrad\u00eda de Pescadores de Mazarr\u00f3n ypresentado a GALPEMUR en la convocatoria de ayudas al amparo de la EDLP&nbsp;2022-2023,&nbsp;cofinanciado por el Fondo Europeo Mar\u00edtimo y Pesquero (FEMP) al 85% y la Comunidad Aut\u00f3noma de la Regi\u00f3n (CARM) al 15%, es un &hellip; <p class=\"link-more\"><a href=\"https:\/\/cofradiamazarron.es\/?p=159\" class=\"more-link\">Continuar leyendo<span class=\"screen-reader-text\"> \u00abAPOYO A LA VIGILANCIA DE LA RESERVA MARINA DE INTER\u00c9S PESQUERO CABO TI\u00d1OSO\u00bb<\/span><\/a><\/p><\/div><\/li>\n<li><a class=\"wp-block-latest-posts__post-title\" href=\"https:\/\/cofradiamazarron.es\/?p=164\">\u201cAdquisici\u00f3n\u00a0e instalaci\u00f3n de placas solares en el puerto pesquero de Mazarr\u00f3n\u201d<\/a><time datetime=\"2022-12-27T09:49:52+00:00\" class=\"wp-block-latest-posts__post-date\">diciembre 27, 2022<\/time><div class=\"wp-block-latest-posts__post-excerpt\">El proyecto \u00abADQUISICION E INSTALACION DE PLACAS SOLARES EN EL PUERTO PESQUERO DE MAZARRON\u00bb llevado a cabo por COFRADIA DE PESCADORES DE MAZARRON, con una inversi\u00f3n de 75.385,60 \u20ac, y una subvenci\u00f3n de 75.385,60 \u20ac se enmarca en la Estrategia de Desarrollo Local Participativo del \u00abGrupo de Acci\u00f3n Local de Pesca y Acuicultura de la &hellip; <p class=\"link-more\"><a href=\"https:\/\/cofradiamazarron.es\/?p=164\" class=\"more-link\">Continuar leyendo<span class=\"screen-reader-text\"> \u00ab\u201cAdquisici\u00f3n\u00a0e instalaci\u00f3n de placas solares en el puerto pesquero de Mazarr\u00f3n\u201d\u00bb<\/span><\/a><\/p><\/div><\/li>\n<li><a class=\"wp-block-latest-posts__post-title\" href=\"https:\/\/cofradiamazarron.es\/?p=167\">\u201cCursos de formaci\u00f3n sanitaria espec\u00edfica inicial\u201d<\/a><time datetime=\"2022-12-27T09:30:48+00:00\" class=\"wp-block-latest-posts__post-date\">diciembre 27, 2022<\/time><div class=\"wp-block-latest-posts__post-excerpt\">Al concluir este proyecto mediante el que se han impartido dos cursos con un total de 31 alumnos, &nbsp;hemos logrado proveer formaci\u00f3n sanitaria en los integrantes de la Cofrad\u00eda de Pescadores&nbsp; de Mazarr\u00f3n.Alcanzando capacitar a los participantes en primeros auxilios, t\u00e9cnicas de enfermer\u00eda y en el procedimiento de la consulta m\u00e9dica por radio.Se logr\u00f3 realizar &hellip; <p class=\"link-more\"><a href=\"https:\/\/cofradiamazarron.es\/?p=167\" class=\"more-link\">Continuar leyendo<span class=\"screen-reader-text\"> \u00ab\u201cCursos de formaci\u00f3n sanitaria espec\u00edfica inicial\u201d\u00bb<\/span><\/a><\/p><\/div><\/li>\n<li><a class=\"wp-block-latest-posts__post-title\" href=\"https:\/\/cofradiamazarron.es\/?p=170\">\u201cPescas con la red T90 en barcos de arrastre\u201d<\/a><time datetime=\"2022-12-27T09:25:32+00:00\" class=\"wp-block-latest-posts__post-date\">diciembre 27, 2022<\/time><div class=\"wp-block-latest-posts__post-excerpt\">El proyecto \u00abPESCAS CON LA RED T9O EN BARCOS DE ARRASTRE\u00bb llevado a cabo por COFRADIA DE PESCADORES DE MAZARRON, con una inversi\u00f3n de 20.700 \u20ac, y una subvenci\u00f3n de 20.700,00 \u20ac se enmarca en la Estrategia de Desarrollo Local Participativo del \u00abGrupo de Acci\u00f3n Local de Pesca y Acuicultura de la Regi\u00f3n de Murcia &hellip; <p class=\"link-more\"><a href=\"https:\/\/cofradiamazarron.es\/?p=170\" class=\"more-link\">Continuar leyendo<span class=\"screen-reader-text\"> \u00ab\u201cPescas con la red T90 en barcos de arrastre\u201d\u00bb<\/span><\/a><\/p><\/div><\/li>\n<li><a class=\"wp-block-latest-posts__post-title\" href=\"https:\/\/cofradiamazarron.es\/?p=173\">Musealizaci\u00f3n fachada de la Cofrad\u00eda de pescadores de Mazarr\u00f3n<\/a><time datetime=\"2022-12-27T09:20:45+00:00\" class=\"wp-block-latest-posts__post-date\">diciembre 27, 2022<\/time><div class=\"wp-block-latest-posts__post-excerpt\">El proyecto \u00abMUSEALIZACI\u00d3N DE LA FACHADA DE LA COFRADIA DE PESCADORES DE MAZARR\u00d3N \u00bb llevado a cabo por la COFRADIA DE PESCADORES DE MAZARR\u00d3N, con una inversi\u00f3n de 12.127;60 \u20ac, y una subvenci\u00f3n de 12.127,60 \u20ac se enmarca en la Estrategia de Desarrollo Local Participativo del grupo de Acci\u00f3n Local de Pesca y Acuicultura de &hellip; <p class=\"link-more\"><a href=\"https:\/\/cofradiamazarron.es\/?p=173\" class=\"more-link\">Continuar leyendo<span class=\"screen-reader-text\"> \u00abMusealizaci\u00f3n fachada de la Cofrad\u00eda de pescadores de Mazarr\u00f3n\u00bb<\/span><\/a><\/p><\/div><\/li>\n<li><a class=\"wp-block-latest-posts__post-title\" href=\"https:\/\/cofradiamazarron.es\/?p=176\">\u201cApoyo a la vigilancia en la reserva marina de inter\u00e9s pesquero de Cabo Ti\u00f1oso\u201d<\/a><time datetime=\"2022-12-27T09:15:52+00:00\" class=\"wp-block-latest-posts__post-date\">diciembre 27, 2022<\/time><div class=\"wp-block-latest-posts__post-excerpt\">El proyecto &nbsp;consiste en apoyar en la tarea de vigilancia de la Reserva Marina de Inter\u00e9s pesquero Cabo Ti\u00f1oso (RM) que realiza el Servicio de Pesca y Acuicultura de la Regi\u00f3n de Murcia, junto con el Ministerio de Agricultura, Pesca y Alimentaci\u00f3n (MAPA), durante el periodo estival, porque en esta \u00e9poca la afluencia de cazadores &hellip; <p class=\"link-more\"><a href=\"https:\/\/cofradiamazarron.es\/?p=176\" class=\"more-link\">Continuar leyendo<span class=\"screen-reader-text\"> \u00ab\u201cApoyo a la vigilancia en la reserva marina de inter\u00e9s pesquero de Cabo Ti\u00f1oso\u201d\u00bb<\/span><\/a><\/p><\/div><\/li>\n<\/ul>","protected":false},"excerpt":{"rendered":"","protected":false},"author":1,"featured_media":96,"parent":0,"menu_order":0,"comment_status":"closed","ping_status":"closed","template":"","meta":{"footnotes":""},"_links":{"self":[{"href":"https:\/\/cofradiamazarron.es\/index.php?rest_route=\/wp\/v2\/pages\/227"}],"collection":[{"href":"https:\/\/cofradiamazarron.es\/index.php?rest_route=\/wp\/v2\/pages"}],"about":[{"href":"https:\/\/cofradiamazarron.es\/index.php?rest_route=\/wp\/v2\/types\/page"}],"author":[{"embeddable":true,"href":"https:\/\/cofradiamazarron.es\/index.php?rest_route=\/wp\/v2\/users\/1"}],"replies":[{"embeddable":true,"href":"https:\/\/cofradiamazarron.es\/index.php?rest_route=%2Fwp%2Fv2%2Fcomments&post=227"}],"version-history":[{"count":2,"href":"https:\/\/cofradiamazarron.es\/index.php?rest_route=\/wp\/v2\/pages\/227\/revisions"}],"predecessor-version":[{"id":233,"href":"https:\/\/cofradiamazarron.es\/index.php?rest_route=\/wp\/v2\/pages\/227\/revisions\/233"}],"wp:featuredmedia":[{"embeddable":true,"href":"https:\/\/cofradiamazarron.es\/index.php?rest_route=\/wp\/v2\/media\/96"}],"wp:attachment":[{"href":"https:\/\/cofradiamazarron.es\/index.php?rest_route=%2Fwp%2Fv2%2Fmedia&parent=227"}],"curies":[{"name":"wp","href":"https:\/\/api.w.org\/{rel}","templated":true}]}}